{"id":194,"date":"2019-05-29T23:12:47","date_gmt":"2019-05-29T23:12:47","guid":{"rendered":"http:\/\/localhost\/honda\/?page_id=194"},"modified":"2021-11-04T10:57:36","modified_gmt":"2021-11-04T10:57:36","slug":"formulario-comunidade","status":"publish","type":"page","link":"https:\/\/honda-automoveis.pt\/blog\/formulario-comunidade\/","title":{"rendered":"Formul\u00e1rio Comunidade"},"content":{"rendered":"<h1>ERA UMA VEZ<br \/>\n<span class=\"red\">UMA HIST\u00d3RIA SOBRE O PODER DOS SONHOS.<\/span><\/h1>\n<p>Este \u00e9 o in\u00edcio de uma hist\u00f3ria incr\u00edvel, que \u00e9 ainda mais incr\u00edvel por ter os f\u00e3s da <strong>Honda<\/strong> como ponto de partida. Temos um desafio para ti. Queremos que partilhes connosco as mem\u00f3rias da tua inf\u00e2ncia e adolesc\u00eancia, de momentos marcantes da tua vida adulta, de passagem de testemunho dos teus pais ou av\u00f3s&#8230;<\/p>\n<p>O papel que um carro pode ter nas v\u00e1rias etapas da nossa vida \u00e9 algo marcante. Quem n\u00e3o se lembra das brincadeiras ao volante, das primeiras aulas de condu\u00e7\u00e3o, da primeira troca de pneus, da primeira viagem de amigos, do primeiro passeio rom\u00e2ntico&#8230;? Tens boas mem\u00f3rias associadas ao teu Honda?<\/p>\n<p>Se <strong>mudaste de casa, com malas e bagagens num Type-R<\/strong>, se o teu <strong>Honda \u00e9 uma heran\u00e7a de fam\u00edlia, se conseguiste ter o autom\u00f3vel dos teus sonhos<\/strong> ou, <strong>simplesmente, viveste uma aventura com a Honda<\/strong>, preenche o formul\u00e1rio e conta-nos tudo.<\/p>\n<p>As melhores hist\u00f3rias v\u00e3o ajudar a criar o Honda Dreamers\u2019 Blog, a p\u00e1gina oficial para os f\u00e3s da Honda. Deixa-nos contar as tuas aventuras e partilha mem\u00f3rias com outros f\u00e3s da Honda. Queremos ouvir-te! Partilha connosco o porqu\u00ea de seres um fan\u00e1tico Honda. <strong>Podemos contar contigo e com a tua hist\u00f3ria? Conta-nos a tua melhor hist\u00f3ria, sobre o poder dos sonhos.\u00a0<\/strong><\/p>\n","protected":false},"excerpt":{"rendered":"<p>ERA UMA VEZ UMA HIST\u00d3RIA SOBRE O PODER DOS SONHOS. Este \u00e9 o in\u00edcio de uma hist\u00f3ria incr\u00edvel, que \u00e9 ainda mais incr\u00edvel por ter os f\u00e3s da Honda como ponto de partida. Temos um desafio para ti. Queremos que partilhes connosco as mem\u00f3rias da tua inf\u00e2ncia e adolesc\u00eancia, de momentos marcantes da tua vida <a href=\"https:\/\/honda-automoveis.pt\/blog\/formulario-comunidade\/\">(&hellip;)<\/a><\/p>\n","protected":false},"author":1,"featured_media":0,"parent":0,"menu_order":0,"comment_status":"closed","ping_status":"closed","template":"template-form.php","meta":[],"yoast_head":"<!-- This site is optimized with the Yoast SEO plugin v18.5 - https:\/\/yoast.com\/wordpress\/plugins\/seo\/ -->\n<title>Formul\u00e1rio Comunidade | Honda Portugal<\/title>\n<meta name=\"description\" content=\"Podemos contar contigo? Conta-nos a tua melhor hist\u00f3ria, sobre o poder dos sonhos. Preenche o formul\u00e1rio comunidade Honda com a tua hist\u00f3ria.\" \/>\n<meta name=\"robots\" content=\"index, follow, max-snippet:-1, max-image-preview:large, max-video-preview:-1\" \/>\n<link rel=\"canonical\" href=\"https:\/\/honda-automoveis.pt\/blog\/formulario-comunidade\/\" \/>\n<meta property=\"og:locale\" content=\"pt_PT\" \/>\n<meta property=\"og:type\" content=\"article\" \/>\n<meta property=\"og:title\" content=\"Formul\u00e1rio Comunidade | Honda Portugal\" \/>\n<meta property=\"og:description\" content=\"Podemos contar contigo? Conta-nos a tua melhor hist\u00f3ria, sobre o poder dos sonhos. Preenche o formul\u00e1rio comunidade Honda com a tua hist\u00f3ria.\" \/>\n<meta property=\"og:url\" content=\"https:\/\/honda-automoveis.pt\/blog\/formulario-comunidade\/\" \/>\n<meta property=\"og:site_name\" content=\"Honda Portugal\" \/>\n<meta property=\"article:modified_time\" content=\"2021-11-04T10:57:36+00:00\" \/>\n<meta name=\"twitter:card\" content=\"summary_large_image\" \/>\n<meta name=\"twitter:label1\" content=\"Tempo estimado de leitura\" \/>\n\t<meta name=\"twitter:data1\" content=\"1 minuto\" \/>\n<script type=\"application\/ld+json\" class=\"yoast-schema-graph\">{\"@context\":\"https:\/\/schema.org\",\"@graph\":[{\"@type\":\"WebSite\",\"@id\":\"https:\/\/honda-automoveis.pt\/blog\/#website\",\"url\":\"https:\/\/honda-automoveis.pt\/blog\/\",\"name\":\"Honda Portugal\",\"description\":\"Dreamers&#039; Blog\",\"potentialAction\":[{\"@type\":\"SearchAction\",\"target\":{\"@type\":\"EntryPoint\",\"urlTemplate\":\"https:\/\/honda-automoveis.pt\/blog\/?s={search_term_string}\"},\"query-input\":\"required name=search_term_string\"}],\"inLanguage\":\"pt-PT\"},{\"@type\":\"WebPage\",\"@id\":\"https:\/\/honda-automoveis.pt\/blog\/formulario-comunidade\/#webpage\",\"url\":\"https:\/\/honda-automoveis.pt\/blog\/formulario-comunidade\/\",\"name\":\"Formul\u00e1rio Comunidade | Honda Portugal\",\"isPartOf\":{\"@id\":\"https:\/\/honda-automoveis.pt\/blog\/#website\"},\"datePublished\":\"2019-05-29T23:12:47+00:00\",\"dateModified\":\"2021-11-04T10:57:36+00:00\",\"description\":\"Podemos contar contigo? Conta-nos a tua melhor hist\u00f3ria, sobre o poder dos sonhos. Preenche o formul\u00e1rio comunidade Honda com a tua hist\u00f3ria.\",\"breadcrumb\":{\"@id\":\"https:\/\/honda-automoveis.pt\/blog\/formulario-comunidade\/#breadcrumb\"},\"inLanguage\":\"pt-PT\",\"potentialAction\":[{\"@type\":\"ReadAction\",\"target\":[\"https:\/\/honda-automoveis.pt\/blog\/formulario-comunidade\/\"]}]},{\"@type\":\"BreadcrumbList\",\"@id\":\"https:\/\/honda-automoveis.pt\/blog\/formulario-comunidade\/#breadcrumb\",\"itemListElement\":[{\"@type\":\"ListItem\",\"position\":1,\"name\":\"In\u00edcio\",\"item\":\"https:\/\/honda-automoveis.pt\/blog\/\"},{\"@type\":\"ListItem\",\"position\":2,\"name\":\"Formul\u00e1rio Comunidade\"}]}]}<\/script>\n<!-- \/ Yoast SEO plugin. -->","yoast_head_json":{"title":"Formul\u00e1rio Comunidade | Honda Portugal","description":"Podemos contar contigo? Conta-nos a tua melhor hist\u00f3ria, sobre o poder dos sonhos. Preenche o formul\u00e1rio comunidade Honda com a tua hist\u00f3ria.","robots":{"index":"index","follow":"follow","max-snippet":"max-snippet:-1","max-image-preview":"max-image-preview:large","max-video-preview":"max-video-preview:-1"},"canonical":"https:\/\/honda-automoveis.pt\/blog\/formulario-comunidade\/","og_locale":"pt_PT","og_type":"article","og_title":"Formul\u00e1rio Comunidade | Honda Portugal","og_description":"Podemos contar contigo? Conta-nos a tua melhor hist\u00f3ria, sobre o poder dos sonhos. Preenche o formul\u00e1rio comunidade Honda com a tua hist\u00f3ria.","og_url":"https:\/\/honda-automoveis.pt\/blog\/formulario-comunidade\/","og_site_name":"Honda Portugal","article_modified_time":"2021-11-04T10:57:36+00:00","twitter_card":"summary_large_image","twitter_misc":{"Tempo estimado de leitura":"1 minuto"},"schema":{"@context":"https:\/\/schema.org","@graph":[{"@type":"WebSite","@id":"https:\/\/honda-automoveis.pt\/blog\/#website","url":"https:\/\/honda-automoveis.pt\/blog\/","name":"Honda Portugal","description":"Dreamers&#039; Blog","potentialAction":[{"@type":"SearchAction","target":{"@type":"EntryPoint","urlTemplate":"https:\/\/honda-automoveis.pt\/blog\/?s={search_term_string}"},"query-input":"required name=search_term_string"}],"inLanguage":"pt-PT"},{"@type":"WebPage","@id":"https:\/\/honda-automoveis.pt\/blog\/formulario-comunidade\/#webpage","url":"https:\/\/honda-automoveis.pt\/blog\/formulario-comunidade\/","name":"Formul\u00e1rio Comunidade | Honda Portugal","isPartOf":{"@id":"https:\/\/honda-automoveis.pt\/blog\/#website"},"datePublished":"2019-05-29T23:12:47+00:00","dateModified":"2021-11-04T10:57:36+00:00","description":"Podemos contar contigo? Conta-nos a tua melhor hist\u00f3ria, sobre o poder dos sonhos. Preenche o formul\u00e1rio comunidade Honda com a tua hist\u00f3ria.","breadcrumb":{"@id":"https:\/\/honda-automoveis.pt\/blog\/formulario-comunidade\/#breadcrumb"},"inLanguage":"pt-PT","potentialAction":[{"@type":"ReadAction","target":["https:\/\/honda-automoveis.pt\/blog\/formulario-comunidade\/"]}]},{"@type":"BreadcrumbList","@id":"https:\/\/honda-automoveis.pt\/blog\/formulario-comunidade\/#breadcrumb","itemListElement":[{"@type":"ListItem","position":1,"name":"In\u00edcio","item":"https:\/\/honda-automoveis.pt\/blog\/"},{"@type":"ListItem","position":2,"name":"Formul\u00e1rio Comunidade"}]}]}},"_links":{"self":[{"href":"https:\/\/honda-automoveis.pt\/blog\/wp-json\/wp\/v2\/pages\/194"}],"collection":[{"href":"https:\/\/honda-automoveis.pt\/blog\/wp-json\/wp\/v2\/pages"}],"about":[{"href":"https:\/\/honda-automoveis.pt\/blog\/wp-json\/wp\/v2\/types\/page"}],"author":[{"embeddable":true,"href":"https:\/\/honda-automoveis.pt\/blog\/wp-json\/wp\/v2\/users\/1"}],"replies":[{"embeddable":true,"href":"https:\/\/honda-automoveis.pt\/blog\/wp-json\/wp\/v2\/comments?post=194"}],"version-history":[{"count":5,"href":"https:\/\/honda-automoveis.pt\/blog\/wp-json\/wp\/v2\/pages\/194\/revisions"}],"predecessor-version":[{"id":45474,"href":"https:\/\/honda-automoveis.pt\/blog\/wp-json\/wp\/v2\/pages\/194\/revisions\/45474"}],"wp:attachment":[{"href":"https:\/\/honda-automoveis.pt\/blog\/wp-json\/wp\/v2\/media?parent=194"}],"curies":[{"name":"wp","href":"https:\/\/api.w.org\/{rel}","templated":true}]}}